{"id":30,"date":"2019-12-28T11:44:05","date_gmt":"2019-12-28T09:44:05","guid":{"rendered":"http:\/\/primatex.info.pl\/?page_id=30"},"modified":"2019-12-28T11:44:05","modified_gmt":"2019-12-28T09:44:05","slug":"ogloszenia-dla-akcjonariuszy","status":"publish","type":"page","link":"http:\/\/primatex.info.pl\/index.php\/ogloszenia-dla-akcjonariuszy\/","title":{"rendered":"Og\u0142oszenia dla akcjonariuszy"},"content":{"rendered":"\n<h4 class=\"wp-block-heading\">Og\u0142oszenie o zwo\u0142aniu Zwyczajnego Walnego Zgromadzenia Akcjonariuszy w dniu 30.06.2025 r.<\/h4>\n\n\n\n<p>13.06.2025<\/p>\n\n\n\n<p><\/p>\n\n\n\n<p> <\/p>\n\n\n\n<p>Zarz\u0105d PRIMATEX S.A. z siedzib\u0105 w Poraju, ul. 3 Maja 134, wpisanej do  Krajowego Rejestru S\u0105dowego dnia 26.10.2001 r. pod numerem KRS 0000055897, dzia\u0142aj\u0105c na podstawie art. 399 \u00a71 i art. 402 \u00a71 i \u00a72 Kodeksu Sp\u00f3\u0142ek Handlowych, zwo\u0142uje  Zwyczajne   Walne Zgromadzenie Akcjonariuszy na dzie\u0144 30 czerwca  2025 r. o godz. 11.45, kt\u00f3re odb\u0119dzie  si\u0119 w Kancelarii Notarialnej Notariusza Magdaleny Kr\u00f3lak-Pojnar w Cz\u0119stochowie, Aleja Jana Paw\u0142a II 76\/78.<\/p>\n\n\n\n<p>Porz\u0105dek obrad:<\/p>\n\n\n\n<ol class=\"wp-block-list\"><li> Otwarcie obrad.<\/li><li> Wyb\u00f3r Przewodnicz\u0105cego Zgromadzenia.<\/li><li> Stwierdzenie prawid\u0142owo\u015bci zwo\u0142ania Walnego Zgromadzenia oraz jego zdolno\u015bci do podejmowania uchwa\u0142.<\/li><li> Przyj\u0119cie porz\u0105dku obrad.<\/li><li> Rozpatrzenie sprawozdania finansowego za 2024 rok.  <\/li><li> Rozpatrzenie sprawozdania Rady Nadzorczej z dzia\u0142alno\u015bci w 2024 r. oraz   rezultat\u00f3w badania sprawozdania finansowego Sp\u00f3\u0142ki, a tak\u017ce wniosku w sprawie podzia\u0142u zysku za 2024 rok.<\/li><li>Podj\u0119cie uchwa\u0142 w sprawach:<br> a) zatwierdzenia sprawozdania finansowego za 2024 r.,<br> b) przyj\u0119cia sprawozdania Rady Nadzorczej z  dzia\u0142alno\u015bci Sp\u00f3\u0142ki w roku obrotowym 2024 wraz z ocen\u0105 o kt\u00f3rej mowa w art. 382 \u00a73 k.s.h.<br> c)  podzia\u0142u zysku za rok obrotowy 2024,<br> d)  udzielenia cz\u0142onkom organ\u00f3w Sp\u00f3\u0142ki absolutorium z wykonania przez nich               obowi\u0105zk\u00f3w za rok 2024,  <br>e)  podj\u0119cie uchwa\u0142 w sprawie ustalenia liczby cz\u0142onk\u00f3w Rady Nadzorczej i wyboru                   cz\u0142onk\u00f3w Rady Nadzorczej kolejnej kadencji,<br>f)  podj\u0119cie uchwa\u0142y w sprawie kontynuacji stosowania uproszczonych zasad                    sporz\u0105dzania sprawozda\u0144 finansowych przewidzianych dla jednostek ma\u0142ych.<\/li><li>Wolne wnioski.<\/li><li>Zamkni\u0119cie obrad.<\/li><\/ol>\n\n\n\n<h4 class=\"wp-block-heading\">Og\u0142oszenie o zwo\u0142aniu   Nadzwyczajnego Walnego Zgromadzenia Akcjonariuszy w dniu 11.06.2025 r. <\/h4>\n\n\n\n<p><strong>26.05.2025 r. <\/strong><\/p>\n\n\n\n<p>PRIMATEX Sp\u00f3\u0142ka\nAkcyjna z siedzib\u0105 w Poraju, ul. 3 Maja 134, wpisana w Krajowym \nRejestrze S\u0105dowym\nprowadzonym przez S\u0105d Rejonowy w Cz\u0119stochowie XVII Wydzia\u0142 \nGospodarczy w dniu\n26.10.2001r  pod numerem KRS 0000055897.<\/p>\n\n\n\n<p>Rada Nadzorcza  PRIMATEX Sp\u00f3\u0142ka Akcyjna  z siedzib\u0105 w Poraju, przy ul. 3 Maja 134  dzia\u0142aj\u0105c na podstawie art. 399 \u00a7 2  Kodeksu Sp\u00f3\u0142ek Handlowych, zwo\u0142uje  Nadzwyczajne   Walne   Zgromadzenie Akcjonariuszy  w  dniu  11 czerwca  2025 r. o godz. 10:00,  kt\u00f3re   odb\u0119dzie   si\u0119   w   Kancelarii   Notarialnej Notariusza Magdaleny Kr\u00f3lak-Pojnar  w Cz\u0119stochowie, Aleja  Jana  Paw\u0142a  II  76\/78,  z nast\u0119puj\u0105cym porz\u0105dkiem obrad:<\/p>\n\n\n\n<ol class=\"wp-block-list\"><li> Otwarcie obrad.<\/li><li> Wyb\u00f3r Przewodnicz\u0105cego Zgromadzenia.<\/li><li> Stwierdzenie prawid\u0142owo\u015bci zwo\u0142ania Walnego Zgromadzenia oraz jego zdolno\u015bci do podejmowania uchwa\u0142.<\/li><li> Przyj\u0119cie porz\u0105dku obrad.<\/li><li> Podj\u0119cie uchwa\u0142y w sprawie powo\u0142ania Prezesa Zarz\u0105du Primatex S.A.<\/li><li> Wolne wnioski.<\/li><li> Zamkni\u0119cie obrad.<\/li><\/ol>\n\n\n\n<h4 class=\"wp-block-heading\">Og\u0142oszenie o zwo\u0142aniu Zwyczajnego Walnego Zgromadzenia Akcjonariuszy w dniu 27.06.2024 r.<\/h4>\n\n\n\n<p><strong>10.06.2024<\/strong><\/p>\n\n\n\n<p>Zarz\u0105d PRIMATEX S.A. z siedzib\u0105 w Poraju, ul. 3 Maja 134, wpisanej do  Krajowego Rejestru S\u0105dowego dnia 26.10.2001 r. pod numerem KRS 0000055897, dzia\u0142aj\u0105c na podstawie art. 399 \u00a71 i art. 402 \u00a71 i \u00a72 Kodeksu Sp\u00f3\u0142ek Handlowych, zwo\u0142uje  Zwyczajne   Walne Zgromadzenie Akcjonariuszy na dzie\u0144 27 czerwca  2024 r. o godz. 12.30, kt\u00f3re odb\u0119dzie  si\u0119 w Kancelarii Notarialnej Notariusza Magdaleny Kr\u00f3lak-Pojnar w Cz\u0119stochowie, Aleja Jana Paw\u0142a II 76\/78.<\/p>\n\n\n\n<p>Porz\u0105dek obrad:<\/p>\n\n\n\n<ol class=\"wp-block-list\"><li> Otwarcie obrad. <\/li><li> Wyb\u00f3r Przewodnicz\u0105cego Zgromadzenia. <\/li><li> Stwierdzenie prawid\u0142owo\u015bci zwo\u0142ania Walnego Zgromadzenia oraz jego zdolno\u015bci do podejmowania uchwa\u0142. <\/li><li> Przyj\u0119cie porz\u0105dku obrad. <\/li><li> Rozpatrzenie sprawozdania finansowego za 2023 rok.  <\/li><li> Rozpatrzenie sprawozdania Rady Nadzorczej z dzia\u0142alno\u015bci w 2023 r. oraz  rezultat\u00f3w badania sprawozdania finansowego Sp\u00f3\u0142ki, a tak\u017ce wniosku w sprawie podzia\u0142u zysku za 2023 rok.<\/li><li> Podj\u0119cie uchwa\u0142 w sprawach: <br>a) zatwierdzenia sprawozdania finansowego za 2023 r.,<br>b) przyj\u0119cia sprawozdania Rady Nadzorczej z  dzia\u0142alno\u015bci Sp\u00f3\u0142ki w roku obrotowym 2023 wraz z ocen\u0105 o kt\u00f3rej mowa w art. 382 \u00a73 k.s.h.<br>c)  podzia\u0142u zysku za rok obrotowy 2023,<br>d)  udzielenia cz\u0142onkom organ\u00f3w Sp\u00f3\u0142ki absolutorium z wykonania przez nich             obowi\u0105zk\u00f3w za rok 2023,  <\/li><li>Wolne wnioski.<\/li><li> Zamkni\u0119cie obrad.<\/li><\/ol>\n\n\n\n<h4 class=\"wp-block-heading\">Og\u0142oszenie o zwo\u0142aniu Zwyczajnego Walnego Zgromadzenia Akcjonariuszy w dniu 13.06.2023 r. <\/h4>\n\n\n\n<p><strong>29.05.2023<\/strong><\/p>\n\n\n\n<p>\nZarz\u0105d PRIMATEX S.A. z siedzib\u0105 w Poraju, ul. 3 Maja 134, wpisanej\ndo  Krajowego Rejestru S\u0105dowego dnia 26.10.2001 r. pod numerem KRS\n0000055897, dzia\u0142aj\u0105c na podstawie art. 399 \u00a71 i art. 402 \u00a71 i \u00a72\nKodeksu Sp\u00f3\u0142ek Handlowych, zwo\u0142uje  Zwyczajne   Walne Zgromadzenie\nAkcjonariuszy na dzie\u0144 13 czerwca  2023 r. o godz. 10.45, kt\u00f3re\nodb\u0119dzie  si\u0119 w Kancelarii Notarialnej Notariusza Magdaleny\nKr\u00f3lak-Pojnar w Cz\u0119stochowie, Aleja Jana Paw\u0142a II 76\/78.<\/p>\n\n\n\n<p>Porz\u0105dek obrad:<\/p>\n\n\n\n<ol class=\"wp-block-list\"><li> Otwarcie obrad. <\/li><li> Wyb\u00f3r Przewodnicz\u0105cego Zgromadzenia. <\/li><li> Stwierdzenie prawid\u0142owo\u015bci zwo\u0142ania Walnego Zgromadzenia oraz jego zdolno\u015bci do podejmowania uchwa\u0142. <\/li><li> Przyj\u0119cie porz\u0105dku obrad. <\/li><li> Rozpatrzenie sprawozdania finansowego za 2022 rok.  <\/li><li> Rozpatrzenie sprawozdania Rady Nadzorczej z dzia\u0142alno\u015bci w 2022 r. oraz  rezultat\u00f3w badania sprawozdania finansowego Sp\u00f3\u0142ki, a tak\u017ce wniosku w sprawie podzia\u0142u zysku za 2022 rok.<\/li><li>Podj\u0119cie uchwa\u0142 w sprawach:<br>a) zatwierdzenia sprawozdania finansowego za 2022 r., <br>b) przyj\u0119cia sprawozdania Rady Nadzorczej z  dzia\u0142alno\u015bci Sp\u00f3\u0142ki w roku obrotowym 2022 wraz z ocen\u0105 o kt\u00f3rej mowa w art. 382 \u00a73 k.s.h.<br>c)  podzia\u0142u zysku za rok obrotowy 2022,<br>d)  udzielenia cz\u0142onkom organ\u00f3w Sp\u00f3\u0142ki absolutorium z wykonania przez nich                obowi\u0105zk\u00f3w za rok 2022,  <\/li><li> Podj\u0119cie uchwa\u0142y w sprawie  wyboru Prezesa Zarz\u0105du wobec up\u0142ywu kadencji.  <\/li><li> Wolne wnioski.<\/li><li> Zamkni\u0119cie obrad.<\/li><\/ol>\n\n\n\n<p><\/p>\n\n\n\n<p><\/p>\n\n\n\n<h4 class=\"wp-block-heading\">Og\u0142oszenie o zwo\u0142aniu Zwyczajnego Walnego Zgromadzenia Akcjonariuszy w dniu 27.09.2022 r.<strong> <\/strong>  <\/h4>\n\n\n\n<p><strong>07.09.2022<\/strong><\/p>\n\n\n\n<p>Zarz\u0105d PRIMATEX S.A. z siedzib\u0105 w Poraju, ul. 3 Maja 134, wpisanej do  Krajowego Rejestru S\u0105dowego dnia 26.10.2001 r. pod numerem KRS 0000055897, dzia\u0142aj\u0105c na podstawie art. 399 \u00a71 i art. 402 \u00a71 i \u00a72 Kodeksu Sp\u00f3\u0142ek Handlowych, zwo\u0142uje  Zwyczajne   Walne Zgromadzenie Akcjonariuszy na dzie\u0144 27 wrze\u015bnia  2022 r. o godz. 10\u00b0\u00b0, kt\u00f3re odb\u0119dzie  si\u0119 w Kancelarii Notarialnej Notariusza Magdaleny Kr\u00f3lak-Pojnar w Cz\u0119stochowie, Aleja Jana Paw\u0142a II 76\/78.<br>Porz\u0105dek obrad:<\/p>\n\n\n\n<ol class=\"wp-block-list\"><li> Otwarcie obrad. <\/li><li> Wyb\u00f3r Przewodnicz\u0105cego Zgromadzenia. <\/li><li> Stwierdzenie prawid\u0142owo\u015bci zwo\u0142ania Walnego Zgromadzenia oraz jego zdolno\u015bci do podejmowania uchwa\u0142. <\/li><li> Przyj\u0119cie porz\u0105dku obrad. <\/li><li> Rozpatrzenie sprawozdania finansowego za 2021 rok.  <\/li><li> Rozpatrzenie sprawozdania Rady Nadzorczej z dzia\u0142alno\u015bci w 2021 r. oraz   rezultat\u00f3w badania sprawozdania finansowego Sp\u00f3\u0142ki, a tak\u017ce wniosku w sprawie podzia\u0142u zysku za 2021 rok.<\/li><li> Podj\u0119cie uchwa\u0142 w sprawach:<br> a) zatwierdzenia sprawozdania finansowego za 2021 r.,<br> b) przyj\u0119cia sprawozdania Rady Nadzorczej z  dzia\u0142alno\u015bci Sp\u00f3\u0142ki w roku obrotowym  2021 wraz z ocen\u0105 o kt\u00f3rej mowa w art. 382 \u00a73 k.s.h.<br> c)  podzia\u0142u zysku za rok obrotowy 2021,<br> d)  udzielenia cz\u0142onkom organ\u00f3w Sp\u00f3\u0142ki absolutorium z wykonania przez nich obowi\u0105zk\u00f3w za rok 2021,  <\/li><li> Podj\u0119cie uchwa\u0142 w sprawach:<br>a)  okre\u015blenia liczebno\u015bci Rady Nadzorczej kolejnej X kadencji,<br>b)  wyboru Rady Nadzorczej na kolejn\u0105 X kadencj\u0119,<br>c)  przyznania wynagrodzenia Cz\u0142onkom Rady Nadzorczej.<\/li><li> Wolne wnioski.<\/li><li> Zamkni\u0119cie obrad.<\/li><\/ol>\n\n\n\n<h4 class=\"wp-block-heading\">Og\u0142oszenie o zwo\u0142aniu Zwyczajnego Walnego Zgromadzenia Akcjonariuszy w dniu 29.07.2021 r.<\/h4>\n\n\n\n<p style=\"font-size:-1px\"><strong>8.07.2021 r.<\/strong><\/p>\n\n\n\n<p>Zarz\u0105d PRIMATEX S.A. z siedzib\u0105 w Poraju, ul. 3 Maja 134, wpisanej do  Krajowego Rejestru S\u0105dowego dnia 26.10.2001 r. pod numerem KRS 0000055897, dzia\u0142aj\u0105c na podstawie art. 399 \u00a71 i art. 402 \u00a71 i \u00a72 Kodeksu Sp\u00f3\u0142ek Handlowych, zwo\u0142uje  Zwyczajne   Walne Zgromadzenie Akcjonariuszy na dzie\u0144 29 lipca  2021 r. o godz. 10\u00b0\u00b0, kt\u00f3re odb\u0119dzie  si\u0119 w Kancelarii Notarialnej Notariusza Magdaleny Kr\u00f3lak-Pojnar w Cz\u0119stochowie, Aleja Jana Paw\u0142a II 76\/78.<br>Porz\u0105dek obrad:<\/p>\n\n\n\n<ol class=\"wp-block-list\"><li> Otwarcie obrad. <\/li><li>Wyb\u00f3r Przewodnicz\u0105cego Zgromadzenia. <\/li><li>Stwierdzenie prawid\u0142owo\u015bci zwo\u0142ania Walnego Zgromadzenia i jego zdolno\u015bci do podejmowania uchwa\u0142. <\/li><li> Przyj\u0119cie porz\u0105dku obrad. <\/li><li> Rozpatrzenie sprawozdania finansowego za 2020 rok.  <\/li><li> Rozpatrzenie sprawozdania Rady Nadzorczej z dzia\u0142alno\u015bci w 2020 r. oraz  rezultat\u00f3w badania sprawozdania finansowego Sp\u00f3\u0142ki, a tak\u017ce wniosku w sprawie pokrycia straty za 2020 rok.<\/li><li>Podj\u0119cie uchwa\u0142 w sprawach:<br>a) zatwierdzenia sprawozdania finansowego za 2020 r.,<br>b) przyj\u0119cia sprawozdania Rady Nadzorczej z  dzia\u0142alno\u015bci Sp\u00f3\u0142ki w roku obrotowym  2020 wraz z ocen\u0105 o kt\u00f3rej mowa w art. 382 \u00a73 k.s.h.<br>c)  pokrycia straty za 2020 rok,<br>d)  udzielenia cz\u0142onkom organ\u00f3w Sp\u00f3\u0142ki absolutorium z wykonania przez nich               obowi\u0105zk\u00f3w za rok 2020, <br>e)  zatwierdzenie Regulaminu Rady Nadzorczej,   <\/li><li>Wolne wnioski.<\/li><li>Zamkni\u0119cie obrad.<\/li><\/ol>\n\n\n\n<p><strong>22.12.2020 r.<\/strong><\/p>\n\n\n\n<h4 class=\"wp-block-heading\">WEZWANIE\nPI\u0104TE Z PI\u0118CIU DO Z\u0141O\u017bENIA DOKUMENT\u00d3W AKCJI W SP\u00d3\u0141CE<\/h4>\n\n\n\n<p><strong>Zarz\u0105d\nSp\u00f3\u0142ki PPRIMATEX S.A. z siedzib\u0105 w Poraju, ul. Kolejowa 32, 42-360\nPoraj, wpisanej do Krajowego Rejestru S\u0105dowego pod numerem   KRS\n0000055897, na podstawie art. 16 ustawy z dnia  30.08.2019 r.  o \nzmianie ustawy \u2013 Kodeks  sp\u00f3\u0142ek  handlowych  oraz  niekt\u00f3rych \ninnych ustaw,  wzywa akcjonariuszy Sp\u00f3\u0142ki  do  z\u0142o\u017cenia \ndokument\u00f3w  posiadanych  akcji w celu ich dematerializacji.<\/strong><\/p>\n\n\n\n<p>Dokumenty\nakcji nale\u017cy sk\u0142ada\u0107 w Biurze Sp\u00f3\u0142ki mieszcz\u0105cym si\u0119 w\nCz\u0119stochowie przy ul.\n Rejtana 23,w dniach   roboczych tj. od poniedzia\u0142ku do pi\u0105tku, w\ngodzinach od 8.00 \ndo\n14.00. Z\u0142o\u017cenie dokument\u00f3w akcji w Sp\u00f3\u0142ce odbywa si\u0119  za\npisemnym pokwitowaniem wydanym akcjonariuszowi.<\/p>\n\n\n\n<p> <strong>01.12.2020 r.<\/strong><\/p>\n\n\n\n<h4 class=\"wp-block-heading\">WEZWANIE\nCZWARTE Z PI\u0118CIU DO Z\u0141O\u017bENIA DOKUMENT\u00d3W AKCJI W SP\u00d3\u0141CE<\/h4>\n\n\n\n<p><strong>Zarz\u0105d\nSp\u00f3\u0142ki PPRIMATEX S.A. z siedzib\u0105 w Poraju, ul. Kolejowa 32, 42-360\nPoraj, wpisanej do Krajowego Rejestru S\u0105dowego pod numerem   KRS\n0000055897, na podstawie art. 16 ustawy z dnia  30.08.2019 r.  o \nzmianie ustawy \u2013 Kodeks  sp\u00f3\u0142ek  handlowych  oraz  niekt\u00f3rych \ninnych ustaw,  wzywa akcjonariuszy Sp\u00f3\u0142ki  do  z\u0142o\u017cenia \ndokument\u00f3w  posiadanych  akcji w celu ich dematerializacji.<\/strong><\/p>\n\n\n\n<p>Dokumenty akcji nale\u017cy sk\u0142ada\u0107 w Biurze Sp\u00f3\u0142ki mieszcz\u0105cym si\u0119 w Cz\u0119stochowie przy ul.  Rejtana 23,w dniach   roboczych tj. od poniedzia\u0142ku do pi\u0105tku, w godzinach od 8.00 do 14.00. Z\u0142o\u017cenie dokument\u00f3w akcji w Sp\u00f3\u0142ce odbywa si\u0119  za pisemnym pokwitowaniem wydanym akcjonariuszowi.<\/p>\n\n\n\n<p> <strong>10.11.2020 r.<\/strong> <\/p>\n\n\n\n<h4 class=\"wp-block-heading\">WEZWANIE TRZECIE Z PI\u0118CIU DO Z\u0141O\u017bENIA DOKUMENT\u00d3W AKCJI W SP\u00d3\u0141CE <\/h4>\n\n\n\n<p><strong>Zarz\u0105d Sp\u00f3\u0142ki PPRIMATEX S.A. z siedzib\u0105 w Poraju, ul. Kolejowa 32, 42-360 Poraj, wpisanej do Krajowego Rejestru S\u0105dowego pod numerem   KRS 0000055897, na podstawie art. 16 ustawy z dnia  30.08.2019 r.  o  zmianie ustawy \u2013 Kodeks  sp\u00f3\u0142ek  handlowych  oraz  niekt\u00f3rych  innych ustaw,  wzywa akcjonariuszy Sp\u00f3\u0142ki  do  z\u0142o\u017cenia  dokument\u00f3w  posiadanych  akcji w celu ich dematerializacji.<\/strong><\/p>\n\n\n\n<p>Dokumenty akcji nale\u017cy sk\u0142ada\u0107 w Biurze Sp\u00f3\u0142ki mieszcz\u0105cym si\u0119 w Cz\u0119stochowie przy ul.  Rejtana 23,w dniach   roboczych tj. od poniedzia\u0142ku do pi\u0105tku, w godzinach od 8.00 do 14.00. Z\u0142o\u017cenie dokument\u00f3w akcji w Sp\u00f3\u0142ce odbywa si\u0119  za pisemnym pokwitowaniem wydanym akcjonariuszowi.<\/p>\n\n\n\n<p> <strong>19.10.2020 r.<\/strong><\/p>\n\n\n\n<h4 class=\"wp-block-heading\">WEZWANIE DRUGIE Z PI\u0118CIU DO Z\u0141O\u017bENIA DOKUMENT\u00d3W AKCJI W SP\u00d3\u0141CE<\/h4>\n\n\n\n<p><strong>Zarz\u0105d Sp\u00f3\u0142ki PPRIMATEX S.A. z siedzib\u0105 w Poraju, ul. Kolejowa 32, 42-360 Poraj, wpisanej do Krajowego Rejestru S\u0105dowego pod numerem   KRS 0000055897, na podstawie art. 16 ustawy z dnia  30.08.2019 r.  o  zmianie ustawy \u2013 Kodeks  sp\u00f3\u0142ek  handlowych  oraz  niekt\u00f3rych  innych ustaw,  wzywa akcjonariuszy Sp\u00f3\u0142ki  do  z\u0142o\u017cenia  dokument\u00f3w  posiadanych  akcji w celu ich dematerializacji.<\/strong><\/p>\n\n\n\n<p>Dokumenty akcji nale\u017cy sk\u0142ada\u0107 w Biurze Sp\u00f3\u0142ki mieszcz\u0105cym si\u0119 w Cz\u0119stochowie przy ul.  Rejtana 23, w dniach roboczych tj. od poniedzia\u0142ku do pi\u0105tku, w godzinach od 8.00  do 14.00. Z\u0142o\u017cenie dokument\u00f3w akcji w Sp\u00f3\u0142ce odbywa si\u0119 za pisemnym pokwitowaniem wydanym akcjonariuszowi.<\/p>\n\n\n\n<p><strong>29.09.2020 r.<\/strong><\/p>\n\n\n\n<h4 class=\"wp-block-heading\">WEZWANIE\nPIERWSZE Z PI\u0118CIU DO Z\u0141O\u017bENIA DOKUMENT\u00d3W AKCJI W SP\u00d3\u0141CE<\/h4>\n\n\n\n<p><strong>Zarz\u0105d\nSp\u00f3\u0142ki PPRIMATEX S.A. z siedzib\u0105 w Poraju, ul. Kolejowa 32, 42-360\nPoraj, wpisanej do Krajowego Rejestru S\u0105dowego pod numerem   KRS\n0000055897, na podstawie art. 16 ustawy z dnia  30.08.2019 r.  o \nzmianie ustawy \u2013 Kodeks  sp\u00f3\u0142ek  handlowych  oraz  niekt\u00f3rych \ninnych ustaw,  wzywa akcjonariuszy Sp\u00f3\u0142ki  do  z\u0142o\u017cenia \ndokument\u00f3w  posiadanych  akcji w celu ich dematerializacji.<\/strong><\/p>\n\n\n\n<p>Dokumenty akcji nale\u017cy sk\u0142ada\u0107 w Biurze Sp\u00f3\u0142ki mieszcz\u0105cym si\u0119 w Cz\u0119stochowie przy  ul.  Rejtana 23,w dniach   roboczych tj. od poniedzia\u0142ku do pi\u0105tku, w godzinach od 8.00   do 14.00. Z\u0142o\u017cenie dokument\u00f3w akcji w Sp\u00f3\u0142ce odbywa si\u0119  za pisemnym pokwitowaniem wydanym akcjonariuszowi. <\/p>\n\n\n\n<p style=\"text-align:center\">_________________________________________________________<\/p>\n\n\n\n<p><\/p>\n\n\n\n<h4 class=\"wp-block-heading\"><strong>Og\u0142oszenie o zwo\u0142aniu ZWZA Primatex S.A z siedzib\u0105 w Poraju w dniu  11.09.2020 r. <\/strong><\/h4>\n\n\n\n<p><strong>PRIMATEX Sp\u00f3\u0142ka Akcyjna <\/strong>z siedzib\u0105 w Poraju, ul. Kolejowa 32, wpisana w Krajowym Rejestrze S\u0105dowym prowadzonym przez S\u0105d Rejonowy w Cz\u0119stochowie XVII Wydzia\u0142 Gospodarczy w dniu 26.10.2001 r. pod numerem KRS 0000055897.<\/p>\n\n\n\n<p>\nZarz\u0105d\nPRIMATEX Sp\u00f3\u0142ka Akcyjna z siedzib\u0105 w Poraju, przy ul. Kolejowej 32\ndzia\u0142aj\u0105c na\npodstawie \tart. 393, 395 \u00a71 i 2, w zwi\u0105zku z art. 399 \u00a71 Kodeksu\nSp\u00f3\u0142ek Handlowych, zwo\u0142uje\nZwyczajne Walne Zgromadzenie Akcjonariuszy na dzie\u0144 11 wrze\u015bnia\n2020 r. na godz. 11:00, kt\u00f3re odb\u0119dzie si\u0119 w Kancelarii\nNotarialnej w Cz\u0119stochowie, Aleja Jana Paw\u0142a II 76\/78, z\nnast\u0119puj\u0105cym porz\u0105dkiem obrad:<\/p>\n\n\n\n<ol class=\"wp-block-list\"><li> Otwarcie obrad.  <\/li><li> Wyb\u00f3r Przewodnicz\u0105cego Zgromadzenia.  <\/li><li> Stwierdzenie prawid\u0142owo\u015bci zwo\u0142ania Walnego Zgromadzenia oraz jego zdolno\u015bci do podejmowania uchwa\u0142.  <\/li><li> Przyj\u0119cie porz\u0105dku obrad.  <\/li><li> Rozpatrzenie sprawozdania Zarz\u0105du z dzia\u0142alno\u015bci Sp\u00f3\u0142ki w 2019r. i sprawozdania finansowego za 2019r. <\/li><li> Rozpatrzenie sprawozdania Zarz\u0105du z dzia\u0142alno\u015bci Grupy Kapita\u0142owej w 2019r. i skonsolidowanego sprawozdania finansowego za 2019r.  <\/li><li> Rozpatrzenie sprawozdania Rady Nadzorczej z dzia\u0142alno\u015bci w 2019r. oraz oceny sprawozda\u0144 zgodnie z art. 382 \u00a73 Kodeksu Sp\u00f3\u0142ek Handlowych. <\/li><li> Podj\u0119cie uchwa\u0142 w sprawach:  <br>a) zatwierdzenia sprawozdania Zarz\u0105du z dzia\u0142alno\u015bci Sp\u00f3\u0142ki w roku 2019 oraz sprawozdania finansowego za 2019 r.,  <br>b) zatwierdzenia sprawozdania Zarz\u0105du z dzia\u0142alno\u015bci Grupy Kapita\u0142owej w roku 2019 oraz skonsolidowanego sprawozdania finansowego za 2019 r.,  <br>c) przyj\u0119cia sprawozdania Rady Nadzorczej z wykonania nadzoru nad dzia\u0142alno\u015bci\u0105 Sp\u00f3\u0142ki za 2019 r.,  <br>d) podzia\u0142u zysku za rok obrotowy 2019r.,  <br>e) udzielenia cz\u0142onkom organ\u00f3w Sp\u00f3\u0142ki absolutorium z wykonania przez nich obowi\u0105zk\u00f3w za rok 2019,<br>f) wyboru instytucji prowadz\u0105cej Rejestr Akcjonariuszy Sp\u00f3\u0142ki,<br>g) przyj\u0119cia uproszczonych zasad sporz\u0105dzania sprawozda\u0144 finansowych przewidzianych dla jednostek ma\u0142ych,<br>h) zmian w Statucie Sp\u00f3\u0142ki,  <br>i) upowa\u017cnienia Rady Nadzorczej do ustalenia jednolitego tekstu Statutu Sp\u00f3\u0142ki.<\/li><li> Wyb\u00f3r Prezesa Zarz\u0105du wobec up\u0142ywu kadencji. <\/li><li> Zmiana w sk\u0142adzie Rady Nadzorczej. <\/li><li> Wolne wnioski.  <\/li><li> Zamkni\u0119cie obrad.  <\/li><\/ol>\n\n\n\n<p><\/p>\n","protected":false},"excerpt":{"rendered":"<p>Og\u0142oszenie o zwo\u0142aniu Zwyczajnego Walnego Zgromadzenia Akcjonariuszy w dniu 30.06.2025 r. 13.06.2025 Zarz\u0105d PRIMATEX S.A. z siedzib\u0105 w Poraju, ul. 3 Maja 134, wpisanej do Krajowego Rejestru S\u0105dowego dnia 26.10.2001 r. pod numerem KRS 0000055897, dzia\u0142aj\u0105c na podstawie art. 399 \u00a71 i art. 402 \u00a71 i \u00a72 Kodeksu Sp\u00f3\u0142ek Handlowych, zwo\u0142uje Zwyczajne Walne Zgromadzenie Akcjonariuszy [&hellip;]<\/p>\n","protected":false},"author":1,"featured_media":0,"parent":0,"menu_order":0,"comment_status":"closed","ping_status":"closed","template":"","meta":{"footnotes":""},"class_list":["post-30","page","type-page","status-publish","hentry"],"_links":{"self":[{"href":"http:\/\/primatex.info.pl\/index.php\/wp-json\/wp\/v2\/pages\/30","targetHints":{"allow":["GET"]}}],"collection":[{"href":"http:\/\/primatex.info.pl\/index.php\/wp-json\/wp\/v2\/pages"}],"about":[{"href":"http:\/\/primatex.info.pl\/index.php\/wp-json\/wp\/v2\/types\/page"}],"author":[{"embeddable":true,"href":"http:\/\/primatex.info.pl\/index.php\/wp-json\/wp\/v2\/users\/1"}],"replies":[{"embeddable":true,"href":"http:\/\/primatex.info.pl\/index.php\/wp-json\/wp\/v2\/comments?post=30"}],"version-history":[{"count":0,"href":"http:\/\/primatex.info.pl\/index.php\/wp-json\/wp\/v2\/pages\/30\/revisions"}],"wp:attachment":[{"href":"http:\/\/primatex.info.pl\/index.php\/wp-json\/wp\/v2\/media?parent=30"}],"curies":[{"name":"wp","href":"https:\/\/api.w.org\/{rel}","templated":true}]}}